{"id":804,"date":"2020-11-18T10:08:44","date_gmt":"2020-11-18T09:08:44","guid":{"rendered":"https:\/\/ram-electronic-gmbh.de\/?page_id=804"},"modified":"2025-03-30T19:08:03","modified_gmt":"2025-03-30T17:08:03","slug":"assistenza-e-supporto","status":"publish","type":"page","link":"https:\/\/ram-electronic-gmbh.de\/it\/assistenza-e-supporto\/","title":{"rendered":"Assistenza e supporto"},"content":{"rendered":"<div class=\"wpb-content-wrapper\"><p>[vc_row scroll_to_next=&#8221;yes&#8221; section_layout=&#8221;full-screen-section&#8221; section_container_layout=&#8221;full-width&#8221; module_type=&#8221;bg-image&#8221; bg_image=&#8221;189&#8243; bg_image_position=&#8221;center_bottom&#8221; parallax_fx=&#8221;yes-parallax&#8221; parallax_fx_speed=&#8221;6&#8243; section_detect_colors=&#8221;dark-detect&#8221; scroll_icon_color=&#8221;#ffffff&#8221; section_class=&#8221;frame big-start&#8221; next_section_id=&#8221;details&#8221;][vc_column column_link_visibility=&#8221;yes&#8221; shift_xy=&#8221;yes-shift&#8221; shift_x_axis=&#8221;14vw&#8221; shift_x_axis_mobile=&#8221;no&#8221; width=&#8221;1\/6&#8243; column_link=&#8221;url:https%3A%2F%2Fram-electronic-gmbh.de%2Fit%2F|title:RAM%20electronic%20%7C%20Computer%2C%20tecnologia%2C%20servizi%20e%20reti&#8221;][az_single_svg_image svg_type=&#8221;svg&#8221; image=&#8221;13&#8243; responsive_sm=&#8221;hidden&#8221; responsive_xs=&#8221;hidden&#8221;][vc_empty_space height=&#8221;10.5vw&#8221; responsive_lg=&#8221;hidden&#8221; responsive_md=&#8221;hidden&#8221;][\/vc_column][vc_column shift_xy=&#8221;yes-shift&#8221; shift_x_axis_mobile=&#8221;no&#8221; shift_y_axis=&#8221;15vw&#8221; shift_y_axis_mobile=&#8221;no&#8221; width=&#8221;1\/2&#8243; advanced_responsive=&#8221;col-lg-5 col-lg-push-5 col-md-push-3 col-sm-push-0 col-xs-push-0&#8243; column_class=&#8221;flex-min-height&#8221;][vc_column_text font_visibility=&#8221;yes&#8221; animation_fx=&#8221;yes-animation&#8221; animation_speed=&#8221;1500&#8243; animation_delay=&#8221;1500&#8243; animation_offset_scroll_down=&#8221;85&#8243; font_color_value=&#8221;#ffffff&#8221; animation_in=&#8221;fadeInLeft&#8221;]<\/p>\n<p style=\"text-align: right;\">Avremo sempre sott\u2019occhio il vostro IT \u2013 non importa se preferite una soluzione di assistenza di piccolo o grande impegno. Qual \u00e8 il vantaggio per voi? Sicuramente meno preoccupazioni. Perch\u00e9 se a mezzogiorno il server fa pazzie non \u00e8 pi\u00f9 il vostro problema. \u00c8 il nostro.<\/p>\n<p>[\/vc_column_text][\/vc_column][vc_column shift_xy=&#8221;yes-shift&#8221; shift_x_axis_mobile=&#8221;no&#8221; shift_y_axis=&#8221;6.3vw&#8221; shift_y_axis_mobile=&#8221;no&#8221; width=&#8221;1\/3&#8243; advanced_responsive=&#8221;col-lg-6 col-lg-push-6 col-sm-push-0 col-xs-push-0&#8243; column_class=&#8221;flex-shift-y&#8221;][vc_column_text font_visibility=&#8221;yes&#8221; fonts_select=&#8221;google&#8221; google_fonts=&#8221;font_family:Montserrat%3Aregular%2C700|font_style:400%3A400&#8243; fonts_size_select=&#8221;custom&#8221; font_weight_value=&#8221;300&#8243; font_lineheight_value=&#8221;109&#8243; animation_fx=&#8221;yes-animation&#8221; animation_speed=&#8221;1500&#8243; animation_delay=&#8221;500&#8243; animation_offset_scroll_down=&#8221;85&#8243; font_min_value=&#8221;27&#8243; font_max_value=&#8221;63&#8243; font_mid_value=&#8221;50&#8243; font_color_value=&#8221;#ffffff&#8221; animation_in=&#8221;fadeInRight&#8221;]<\/p>\n<h1 style=\"text-align: left;\">Anche i server fanno le loro pazzie.<\/h1>\n<p>[\/vc_column_text][vc_empty_space height=&#8221;33vh&#8221; responsive_sm=&#8221;hidden&#8221; responsive_xs=&#8221;hidden&#8221;][vc_empty_space responsive_lg=&#8221;hidden&#8221; responsive_md=&#8221;hidden&#8221;][vc_column_text font_visibility=&#8221;yes&#8221; fonts_size_select=&#8221;custom&#8221; font_weight_value=&#8221;400&#8243; animation_fx=&#8221;yes-animation&#8221; animation_speed=&#8221;1500&#8243; animation_delay=&#8221;1500&#8243; animation_offset_scroll_down=&#8221;100&#8243; font_color_value=&#8221;#ffffff&#8221; animation_in=&#8221;fadeIn&#8221; el_class=&#8221;p-no-top&#8221; font_min_value=&#8221;10&#8243; font_max_value=&#8221;14&#8243; font_mid_value=&#8221;60&#8243; font_letterspacing_value=&#8221;0.015em&#8221;]<\/p>\n<p style=\"text-align: right;\"><a class=\"az-disable-smooth-scroll\" href=\"https:\/\/ram-electronic-gmbh.de\/it\/squadra\/#tim-meinken\">Tim Meinken, Area Tecnica<\/a><\/p>\n<p>[\/vc_column_text][az_single_image image=&#8221;202&#8243; responsive_lg=&#8221;hidden&#8221; responsive_md=&#8221;hidden&#8221;][\/vc_column][\/vc_row][vc_row module_type=&#8221;bg-color&#8221; shift_xy=&#8221;yes-shift&#8221; shift_x_axis=&#8221;14vw&#8221; shift_x_axis_mobile=&#8221;no&#8221; section_detect_colors=&#8221;light-detect&#8221; section_id=&#8221;details&#8221; bg_color=&#8221;#ffffff&#8221;][vc_column][vc_row_inner padding_top=&#8221;30&#8243; padding_bottom=&#8221;30&#8243;][vc_column_inner width=&#8221;1\/2&#8243;][az_box_icons box_icon_title=&#8221;IT che funziona!&#8221; box_icon_position=&#8221;left&#8221; margin_top=&#8221;30&#8243; icon_visibility=&#8221;yes-icon&#8221; icon_type=&#8221;font&#8221; icon=&#8221;az-icon az-icon-cog2&#8243; icon_color_mode=&#8221;on-the-fly&#8221; animation_fx=&#8221;yes-animation&#8221; animation_offset_scroll_down=&#8221;85&#8243; icon_color=&#8221;#000000&#8243; icon_size=&#8221;26&#8243; animation_in=&#8221;fadeInRight&#8221;]Chi vuole lavorare con successo nel proprio settore ha bisogno di un IT sicuro, funzionante e a un costo accessibile. Nel vostro ufficio, in un data center, da noi o in un cloud: per noi tutto \u00e8 fattibile. Incluso internet e installazione dei telefoni. Non c\u2019\u00e8 problema. In affitto, in leasing oppure IT come servizio? Lo faremo. Diteci solo di che cosa avete bisogno: verificheremo la fattibilit\u00e0 \u2013 e realizzeremo i vostri desideri. [\/az_box_icons][\/vc_column_inner][vc_column_inner width=&#8221;1\/2&#8243;][az_box_icons box_icon_title=&#8221;Disponibilit\u00e0 24\/7&#8243; box_icon_position=&#8221;left&#8221; margin_top=&#8221;30&#8243; icon_visibility=&#8221;yes-icon&#8221; icon_type=&#8221;font&#8221; icon=&#8221;az-icon az-icon-watch&#8221; icon_color_mode=&#8221;on-the-fly&#8221; animation_fx=&#8221;yes-animation&#8221; animation_delay=&#8221;300&#8243; animation_offset_scroll_down=&#8221;85&#8243; icon_color=&#8221;#000000&#8243; icon_size=&#8221;26&#8243; animation_in=&#8221;fadeInRight&#8221;]Se per una serie di circostanze sfavorevoli non funziona pi\u00f9 niente, cosa fare? In questo caso, i professionisti di ram electronic sono a vostra disposizione 24 ore su 24, 7 giorni su 7 per rimettere in moto il vostro IT il pi\u00f9 rapidamente possibile. Affinch\u00e9 non si verifichi un disservizio totale utilizziamo sistemi e tecniche affidabili, solide soluzioni di backup dei dati e manutenzione periodica.[\/az_box_icons][\/vc_column_inner][\/vc_row_inner][vc_empty_space height=&#8221;20px&#8221; responsive_sm=&#8221;hidden&#8221; responsive_xs=&#8221;hidden&#8221;][vc_row_inner padding_top=&#8221;0&#8243; padding_bottom=&#8221;30&#8243;][vc_column_inner width=&#8221;1\/2&#8243;][az_box_icons box_icon_title=&#8221;Da remoto sul posto.&#8221; box_icon_position=&#8221;left&#8221; margin_top=&#8221;30&#8243; icon_visibility=&#8221;yes-icon&#8221; icon_type=&#8221;font&#8221; icon=&#8221;az-icon az-icon-monitor&#8221; icon_color_mode=&#8221;on-the-fly&#8221; animation_fx=&#8221;yes-animation&#8221; animation_delay=&#8221;300&#8243; animation_offset_scroll_down=&#8221;80&#8243; icon_color=&#8221;#000000&#8243; icon_size=&#8221;27&#8243; animation_in=&#8221;fadeInLeft&#8221;]Una breve descrizione del problema e vi aiuteremo velocemente e in modo semplice. Grazie alla gestione da remoto possiamo installare programmi, analizzare problemi o recuperare file eliminati, senza essere fisicamente sul posto.[\/az_box_icons][\/vc_column_inner][vc_column_inner width=&#8221;1\/2&#8243;][az_box_icons box_icon_title=&#8221;Qualcuno nel vostro ufficio.&#8221; box_icon_position=&#8221;left&#8221; margin_top=&#8221;30&#8243; icon_visibility=&#8221;yes-icon&#8221; icon_type=&#8221;font&#8221; icon=&#8221;az-icon az-icon-head&#8221; icon_color_mode=&#8221;on-the-fly&#8221; animation_fx=&#8221;yes-animation&#8221; animation_offset_scroll_down=&#8221;80&#8243; icon_color=&#8221;#000000&#8243; icon_size=&#8221;26&#8243; animation_in=&#8221;fadeInLeft&#8221;]Per i progetti pi\u00f9 grossi \u00e8 utile un supporto a breve termine di uno dei nostri consulenti. Ovvero un nostro esperto lavora da voi per completare il progetto senza problemi e risponde alle vostre domande. E tutto questo a tariffe giornaliere accessibili.[\/az_box_icons][\/vc_column_inner][\/vc_row_inner][vc_empty_space height=&#8221;20px&#8221; responsive_sm=&#8221;hidden&#8221; responsive_xs=&#8221;hidden&#8221;][vc_row_inner padding_top=&#8221;0&#8243; padding_bottom=&#8221;30&#8243;][vc_column_inner width=&#8221;1\/2&#8243;][az_box_icons box_icon_title=&#8221;Monitoraggio&#8221; box_icon_position=&#8221;left&#8221; margin_top=&#8221;30&#8243; icon_visibility=&#8221;yes-icon&#8221; icon_type=&#8221;font&#8221; icon=&#8221;az-icon az-icon-location-2&#8243; icon_color_mode=&#8221;on-the-fly&#8221; animation_fx=&#8221;yes-animation&#8221; animation_offset_scroll_down=&#8221;85&#8243; icon_color=&#8221;#000000&#8243; icon_size=&#8221;26&#8243; animation_in=&#8221;fadeInRight&#8221;]Siamo in grado di prevedere i problemi. Con l\u2019aiuto del nostro sistema di monitoraggio possiamo individuare precocemente fattori di disturbo dei server o delle postazioni di lavoro. Cos\u00ec possiamo reagire prima che si verifichi un disservizio. Inoltre le falle di sicurezza vengono chiuse in modo programmato e senza alcun intervento da parte vostra. I vostri sistemi resteranno costantemente aggiornati.[\/az_box_icons][\/vc_column_inner][\/vc_row_inner][\/vc_column][\/vc_row]<\/p>\n<\/div>","protected":false},"excerpt":{"rendered":"<p>[vc_row scroll_to_next=&#8221;yes&#8221; section_layout=&#8221;full-screen-section&#8221; section_container_layout=&#8221;full-width&#8221; module_type=&#8221;bg-image&#8221; bg_image=&#8221;189&#8243; bg_image_position=&#8221;center_bottom&#8221; parallax_fx=&#8221;yes-parallax&#8221; parallax_fx_speed=&#8221;6&#8243; section_detect_colors=&#8221;dark-detect&#8221; scroll_icon_color=&#8221;#ffffff&#8221; section_class=&#8221;frame big-start&#8221; next_section_id=&#8221;details&#8221;][vc_column column_link_visibility=&#8221;yes&#8221; shift_xy=&#8221;yes-shift&#8221; shift_x_axis=&#8221;14vw&#8221; shift_x_axis_mobile=&#8221;no&#8221; width=&#8221;1\/6&#8243; column_link=&#8221;url:https%3A%2F%2Fram-electronic-gmbh.de%2Fit%2F|title:RAM%20electronic%20%7C%20Computer%2C%20tecnologia%2C%20servizi%20e%20reti&#8221;][az_single_svg_image svg_type=&#8221;svg&#8221; image=&#8221;13&#8243; responsive_sm=&#8221;hidden&#8221; responsive_xs=&#8221;hidden&#8221;][vc_empty_space height=&#8221;10.5vw&#8221; responsive_lg=&#8221;hidden&#8221; responsive_md=&#8221;hidden&#8221;][\/vc_column][vc_column shift_xy=&#8221;yes-shift&#8221; shift_x_axis_mobile=&#8221;no&#8221; shift_y_axis=&#8221;15vw&#8221; shift_y_axis_mobile=&#8221;no&#8221; width=&#8221;1\/2&#8243; advanced_responsive=&#8221;col-lg-5 col-lg-push-5 col-md-push-3 col-sm-push-0 col-xs-push-0&#8243; column_class=&#8221;flex-min-height&#8221;][vc_column_text font_visibility=&#8221;yes&#8221; animation_fx=&#8221;yes-animation&#8221; animation_speed=&#8221;1500&#8243; animation_delay=&#8221;1500&#8243; animation_offset_scroll_down=&#8221;85&#8243; font_color_value=&#8221;#ffffff&#8221; animation_in=&#8221;fadeInLeft&#8221;] Avremo sempre sott\u2019occhio il vostro IT \u2013 non importa se [&hellip;]<\/p>\n","protected":false},"author":1,"featured_media":854,"parent":0,"menu_order":0,"comment_status":"closed","ping_status":"closed","template":"","meta":{"footnotes":"","_links_to":"","_links_to_target":""},"class_list":["post-804","page","type-page","status-publish","has-post-thumbnail","hentry"],"yoast_head":"<!-- This site is optimized with the Yoast SEO plugin v27.2 - https:\/\/yoast.com\/product\/yoast-seo-wordpress\/ -->\n<title>Assistenza e supporto | ram electronic GmbH a Norderstedt<\/title>\n<meta name=\"description\" content=\"Avremo sempre sott\u2019occhio il vostro IT \u2013 non importa se preferite una soluzione di assistenza di piccola o grande impegno.\" \/>\n<meta name=\"robots\" content=\"index, follow, max-snippet:-1, max-image-preview:large, max-video-preview:-1\" \/>\n<link rel=\"canonical\" href=\"https:\/\/ram-electronic-gmbh.de\/it\/assistenza-e-supporto\/\" \/>\n<meta property=\"og:locale\" content=\"it_IT\" \/>\n<meta property=\"og:type\" content=\"article\" \/>\n<meta property=\"og:title\" content=\"Assistenza e supporto | ram electronic GmbH a Norderstedt\" \/>\n<meta property=\"og:description\" content=\"Avremo sempre sott\u2019occhio il vostro IT \u2013 non importa se preferite una soluzione di assistenza di piccola o grande impegno.\" \/>\n<meta property=\"og:url\" content=\"https:\/\/ram-electronic-gmbh.de\/it\/assistenza-e-supporto\/\" \/>\n<meta property=\"og:site_name\" content=\"ram electronic \u2013 Computer, Technik, Service und Netzwerke\" \/>\n<meta property=\"article:modified_time\" content=\"2025-03-30T17:08:03+00:00\" \/>\n<meta property=\"og:image\" content=\"https:\/\/ram-electronic-gmbh.de\/wp-content\/uploads\/2019\/12\/tim_fehleranalyse_cut-3-scaled.jpg\" \/>\n\t<meta property=\"og:image:width\" content=\"2560\" \/>\n\t<meta property=\"og:image:height\" content=\"1744\" \/>\n\t<meta property=\"og:image:type\" content=\"image\/jpeg\" \/>\n<meta name=\"twitter:card\" content=\"summary_large_image\" \/>\n<meta name=\"twitter:label1\" content=\"Tempo di lettura stimato\" \/>\n\t<meta name=\"twitter:data1\" content=\"4 minuti\" \/>\n<script type=\"application\/ld+json\" class=\"yoast-schema-graph\">{\"@context\":\"https:\/\/schema.org\",\"@graph\":[{\"@type\":\"WebPage\",\"@id\":\"https:\/\/ram-electronic-gmbh.de\/it\/assistenza-e-supporto\/\",\"url\":\"https:\/\/ram-electronic-gmbh.de\/it\/assistenza-e-supporto\/\",\"name\":\"Assistenza e supporto | ram electronic GmbH a Norderstedt\",\"isPartOf\":{\"@id\":\"https:\/\/ram-electronic-gmbh.de\/#website\"},\"primaryImageOfPage\":{\"@id\":\"https:\/\/ram-electronic-gmbh.de\/it\/assistenza-e-supporto\/#primaryimage\"},\"image\":{\"@id\":\"https:\/\/ram-electronic-gmbh.de\/it\/assistenza-e-supporto\/#primaryimage\"},\"thumbnailUrl\":\"https:\/\/ram-electronic-gmbh.de\/wp-content\/uploads\/2019\/12\/tim_fehleranalyse_cut-3-scaled.jpg\",\"datePublished\":\"2020-11-18T09:08:44+00:00\",\"dateModified\":\"2025-03-30T17:08:03+00:00\",\"description\":\"Avremo sempre sott\u2019occhio il vostro IT \u2013 non importa se preferite una soluzione di assistenza di piccola o grande impegno.\",\"breadcrumb\":{\"@id\":\"https:\/\/ram-electronic-gmbh.de\/it\/assistenza-e-supporto\/#breadcrumb\"},\"inLanguage\":\"it-IT\",\"potentialAction\":[{\"@type\":\"ReadAction\",\"target\":[\"https:\/\/ram-electronic-gmbh.de\/it\/assistenza-e-supporto\/\"]}]},{\"@type\":\"ImageObject\",\"inLanguage\":\"it-IT\",\"@id\":\"https:\/\/ram-electronic-gmbh.de\/it\/assistenza-e-supporto\/#primaryimage\",\"url\":\"https:\/\/ram-electronic-gmbh.de\/wp-content\/uploads\/2019\/12\/tim_fehleranalyse_cut-3-scaled.jpg\",\"contentUrl\":\"https:\/\/ram-electronic-gmbh.de\/wp-content\/uploads\/2019\/12\/tim_fehleranalyse_cut-3-scaled.jpg\",\"width\":2560,\"height\":1744,\"caption\":\"Service & Betreuung\"},{\"@type\":\"BreadcrumbList\",\"@id\":\"https:\/\/ram-electronic-gmbh.de\/it\/assistenza-e-supporto\/#breadcrumb\",\"itemListElement\":[{\"@type\":\"ListItem\",\"position\":1,\"name\":\"Home\",\"item\":\"https:\/\/ram-electronic-gmbh.de\/it\/\"},{\"@type\":\"ListItem\",\"position\":2,\"name\":\"Assistenza e supporto\"}]},{\"@type\":\"WebSite\",\"@id\":\"https:\/\/ram-electronic-gmbh.de\/#website\",\"url\":\"https:\/\/ram-electronic-gmbh.de\/\",\"name\":\"ram electronic \u2013 Computer, Technik, Service und Netzwerke\",\"description\":\"Computer, Technik, Service und Netzwerke\",\"publisher\":{\"@id\":\"https:\/\/ram-electronic-gmbh.de\/#organization\"},\"potentialAction\":[{\"@type\":\"SearchAction\",\"target\":{\"@type\":\"EntryPoint\",\"urlTemplate\":\"https:\/\/ram-electronic-gmbh.de\/?s={search_term_string}\"},\"query-input\":{\"@type\":\"PropertyValueSpecification\",\"valueRequired\":true,\"valueName\":\"search_term_string\"}}],\"inLanguage\":\"it-IT\"},{\"@type\":\"Organization\",\"@id\":\"https:\/\/ram-electronic-gmbh.de\/#organization\",\"name\":\"RAM electronic GmbH\",\"url\":\"https:\/\/ram-electronic-gmbh.de\/\",\"logo\":{\"@type\":\"ImageObject\",\"inLanguage\":\"it-IT\",\"@id\":\"https:\/\/ram-electronic-gmbh.de\/#\/schema\/logo\/image\/\",\"url\":\"https:\/\/ram-electronic-gmbh.de\/wp-content\/uploads\/2019\/12\/RAM_logo_pos.svg\",\"contentUrl\":\"https:\/\/ram-electronic-gmbh.de\/wp-content\/uploads\/2019\/12\/RAM_logo_pos.svg\",\"width\":1,\"height\":1,\"caption\":\"RAM electronic GmbH\"},\"image\":{\"@id\":\"https:\/\/ram-electronic-gmbh.de\/#\/schema\/logo\/image\/\"}}]}<\/script>\n<!-- \/ Yoast SEO plugin. -->","yoast_head_json":{"title":"Assistenza e supporto | ram electronic GmbH a Norderstedt","description":"Avremo sempre sott\u2019occhio il vostro IT \u2013 non importa se preferite una soluzione di assistenza di piccola o grande impegno.","robots":{"index":"index","follow":"follow","max-snippet":"max-snippet:-1","max-image-preview":"max-image-preview:large","max-video-preview":"max-video-preview:-1"},"canonical":"https:\/\/ram-electronic-gmbh.de\/it\/assistenza-e-supporto\/","og_locale":"it_IT","og_type":"article","og_title":"Assistenza e supporto | ram electronic GmbH a Norderstedt","og_description":"Avremo sempre sott\u2019occhio il vostro IT \u2013 non importa se preferite una soluzione di assistenza di piccola o grande impegno.","og_url":"https:\/\/ram-electronic-gmbh.de\/it\/assistenza-e-supporto\/","og_site_name":"ram electronic \u2013 Computer, Technik, Service und Netzwerke","article_modified_time":"2025-03-30T17:08:03+00:00","og_image":[{"width":2560,"height":1744,"url":"https:\/\/ram-electronic-gmbh.de\/wp-content\/uploads\/2019\/12\/tim_fehleranalyse_cut-3-scaled.jpg","type":"image\/jpeg"}],"twitter_card":"summary_large_image","twitter_misc":{"Tempo di lettura stimato":"4 minuti"},"schema":{"@context":"https:\/\/schema.org","@graph":[{"@type":"WebPage","@id":"https:\/\/ram-electronic-gmbh.de\/it\/assistenza-e-supporto\/","url":"https:\/\/ram-electronic-gmbh.de\/it\/assistenza-e-supporto\/","name":"Assistenza e supporto | ram electronic GmbH a Norderstedt","isPartOf":{"@id":"https:\/\/ram-electronic-gmbh.de\/#website"},"primaryImageOfPage":{"@id":"https:\/\/ram-electronic-gmbh.de\/it\/assistenza-e-supporto\/#primaryimage"},"image":{"@id":"https:\/\/ram-electronic-gmbh.de\/it\/assistenza-e-supporto\/#primaryimage"},"thumbnailUrl":"https:\/\/ram-electronic-gmbh.de\/wp-content\/uploads\/2019\/12\/tim_fehleranalyse_cut-3-scaled.jpg","datePublished":"2020-11-18T09:08:44+00:00","dateModified":"2025-03-30T17:08:03+00:00","description":"Avremo sempre sott\u2019occhio il vostro IT \u2013 non importa se preferite una soluzione di assistenza di piccola o grande impegno.","breadcrumb":{"@id":"https:\/\/ram-electronic-gmbh.de\/it\/assistenza-e-supporto\/#breadcrumb"},"inLanguage":"it-IT","potentialAction":[{"@type":"ReadAction","target":["https:\/\/ram-electronic-gmbh.de\/it\/assistenza-e-supporto\/"]}]},{"@type":"ImageObject","inLanguage":"it-IT","@id":"https:\/\/ram-electronic-gmbh.de\/it\/assistenza-e-supporto\/#primaryimage","url":"https:\/\/ram-electronic-gmbh.de\/wp-content\/uploads\/2019\/12\/tim_fehleranalyse_cut-3-scaled.jpg","contentUrl":"https:\/\/ram-electronic-gmbh.de\/wp-content\/uploads\/2019\/12\/tim_fehleranalyse_cut-3-scaled.jpg","width":2560,"height":1744,"caption":"Service & Betreuung"},{"@type":"BreadcrumbList","@id":"https:\/\/ram-electronic-gmbh.de\/it\/assistenza-e-supporto\/#breadcrumb","itemListElement":[{"@type":"ListItem","position":1,"name":"Home","item":"https:\/\/ram-electronic-gmbh.de\/it\/"},{"@type":"ListItem","position":2,"name":"Assistenza e supporto"}]},{"@type":"WebSite","@id":"https:\/\/ram-electronic-gmbh.de\/#website","url":"https:\/\/ram-electronic-gmbh.de\/","name":"ram electronic \u2013 Computer, Technik, Service und Netzwerke","description":"Computer, Technik, Service und Netzwerke","publisher":{"@id":"https:\/\/ram-electronic-gmbh.de\/#organization"},"potentialAction":[{"@type":"SearchAction","target":{"@type":"EntryPoint","urlTemplate":"https:\/\/ram-electronic-gmbh.de\/?s={search_term_string}"},"query-input":{"@type":"PropertyValueSpecification","valueRequired":true,"valueName":"search_term_string"}}],"inLanguage":"it-IT"},{"@type":"Organization","@id":"https:\/\/ram-electronic-gmbh.de\/#organization","name":"RAM electronic GmbH","url":"https:\/\/ram-electronic-gmbh.de\/","logo":{"@type":"ImageObject","inLanguage":"it-IT","@id":"https:\/\/ram-electronic-gmbh.de\/#\/schema\/logo\/image\/","url":"https:\/\/ram-electronic-gmbh.de\/wp-content\/uploads\/2019\/12\/RAM_logo_pos.svg","contentUrl":"https:\/\/ram-electronic-gmbh.de\/wp-content\/uploads\/2019\/12\/RAM_logo_pos.svg","width":1,"height":1,"caption":"RAM electronic GmbH"},"image":{"@id":"https:\/\/ram-electronic-gmbh.de\/#\/schema\/logo\/image\/"}}]}},"_links":{"self":[{"href":"https:\/\/ram-electronic-gmbh.de\/it\/wp-json\/wp\/v2\/pages\/804","targetHints":{"allow":["GET"]}}],"collection":[{"href":"https:\/\/ram-electronic-gmbh.de\/it\/wp-json\/wp\/v2\/pages"}],"about":[{"href":"https:\/\/ram-electronic-gmbh.de\/it\/wp-json\/wp\/v2\/types\/page"}],"author":[{"embeddable":true,"href":"https:\/\/ram-electronic-gmbh.de\/it\/wp-json\/wp\/v2\/users\/1"}],"replies":[{"embeddable":true,"href":"https:\/\/ram-electronic-gmbh.de\/it\/wp-json\/wp\/v2\/comments?post=804"}],"version-history":[{"count":8,"href":"https:\/\/ram-electronic-gmbh.de\/it\/wp-json\/wp\/v2\/pages\/804\/revisions"}],"predecessor-version":[{"id":1258,"href":"https:\/\/ram-electronic-gmbh.de\/it\/wp-json\/wp\/v2\/pages\/804\/revisions\/1258"}],"wp:featuredmedia":[{"embeddable":true,"href":"https:\/\/ram-electronic-gmbh.de\/it\/wp-json\/wp\/v2\/media\/854"}],"wp:attachment":[{"href":"https:\/\/ram-electronic-gmbh.de\/it\/wp-json\/wp\/v2\/media?parent=804"}],"curies":[{"name":"wp","href":"https:\/\/api.w.org\/{rel}","templated":true}]}}