{"id":795,"date":"2020-11-18T09:53:16","date_gmt":"2020-11-18T08:53:16","guid":{"rendered":"https:\/\/ram-electronic-gmbh.de\/?page_id=795"},"modified":"2025-03-30T19:08:49","modified_gmt":"2025-03-30T17:08:49","slug":"server-e-infrastrutture","status":"publish","type":"page","link":"https:\/\/ram-electronic-gmbh.de\/it\/server-e-infrastrutture\/","title":{"rendered":"Server e infrastrutture"},"content":{"rendered":"<div class=\"wpb-content-wrapper\"><p>[vc_row scroll_to_next=&#8221;yes&#8221; section_layout=&#8221;full-screen-section&#8221; section_container_layout=&#8221;full-width&#8221; module_type=&#8221;bg-image&#8221; bg_image=&#8221;139&#8243; bg_image_position=&#8221;center_bottom&#8221; parallax_fx=&#8221;yes-parallax&#8221; parallax_fx_speed=&#8221;6&#8243; section_detect_colors=&#8221;dark-detect&#8221; scroll_icon_color=&#8221;#ffffff&#8221; section_class=&#8221;frame big-start&#8221; next_section_id=&#8221;details&#8221;][vc_column column_link_visibility=&#8221;yes&#8221; shift_xy=&#8221;yes-shift&#8221; shift_x_axis=&#8221;14vw&#8221; shift_x_axis_mobile=&#8221;no&#8221; width=&#8221;1\/6&#8243; column_link=&#8221;url:https%3A%2F%2Fram-electronic-gmbh.de%2Fit%2F|title:RAM%20electronic%20%7C%20Computer%2C%20tecnologia%2C%20servizi%20e%20reti&#8221;][az_single_svg_image svg_type=&#8221;svg&#8221; image=&#8221;13&#8243; responsive_sm=&#8221;hidden&#8221; responsive_xs=&#8221;hidden&#8221;][vc_empty_space height=&#8221;10.5vw&#8221; responsive_lg=&#8221;hidden&#8221; responsive_md=&#8221;hidden&#8221;][\/vc_column][vc_column shift_xy=&#8221;yes-shift&#8221; shift_x_axis_mobile=&#8221;no&#8221; shift_y_axis=&#8221;5.9vw&#8221; shift_y_axis_mobile=&#8221;no&#8221; width=&#8221;5\/12&#8243; advanced_responsive=&#8221;col-lg-4 col-lg-push-4 col-md-push-2 col-sm-push-0 col-xs-push-0&#8243;][vc_column_text font_visibility=&#8221;yes&#8221; fonts_select=&#8221;google&#8221; google_fonts=&#8221;font_family:Montserrat%3Aregular%2C700|font_style:400%3A400&#8243; fonts_size_select=&#8221;custom&#8221; font_weight_value=&#8221;300&#8243; font_lineheight_value=&#8221;109&#8243; animation_fx=&#8221;yes-animation&#8221; animation_speed=&#8221;1500&#8243; animation_delay=&#8221;500&#8243; animation_offset_scroll_down=&#8221;85&#8243; font_min_value=&#8221;27&#8243; font_max_value=&#8221;63&#8243; font_mid_value=&#8221;50&#8243; font_color_value=&#8221;#ffffff&#8221; animation_in=&#8221;fadeInLeft&#8221;]<\/p>\n<h1 style=\"text-align: right;\">Chi desidera raggiungere risultati eccellenti deve essere ben connesso in rete.<\/h1>\n<p>[\/vc_column_text][\/vc_column][vc_column shift_xy=&#8221;yes-shift&#8221; shift_x_axis_mobile=&#8221;no&#8221; shift_y_axis=&#8221;15.4vw&#8221; shift_y_axis_mobile=&#8221;no&#8221; width=&#8221;5\/12&#8243; advanced_responsive=&#8221;col-lg-3 col-lg-push-3 col-sm-push-0 col-xs-push-0&#8243;][vc_column_text font_visibility=&#8221;yes&#8221; animation_fx=&#8221;yes-animation&#8221; animation_speed=&#8221;1500&#8243; animation_delay=&#8221;1500&#8243; animation_offset_scroll_down=&#8221;85&#8243; font_color_value=&#8221;#ffffff&#8221; animation_in=&#8221;fadeInRight&#8221;]<\/p>\n<p style=\"text-align: right;\">Che si tratti di singoli server, di una server farm, o di blade: installeremo e ci prenderemo cura del vostro ambiente server. Su richiesta on premise o nel data center. Garantiamo il corretto funzionamento dell&#8217;IT e della vostra attivit\u00e0.<\/p>\n<p>[\/vc_column_text][vc_empty_space height=&#8221;42vh&#8221; responsive_sm=&#8221;hidden&#8221; responsive_xs=&#8221;hidden&#8221;][vc_empty_space responsive_lg=&#8221;hidden&#8221; responsive_md=&#8221;hidden&#8221;][vc_column_text font_visibility=&#8221;yes&#8221; fonts_size_select=&#8221;custom&#8221; font_weight_value=&#8221;400&#8243; animation_fx=&#8221;yes-animation&#8221; animation_speed=&#8221;1500&#8243; animation_delay=&#8221;1500&#8243; animation_offset_scroll_down=&#8221;100&#8243; font_color_value=&#8221;#ffffff&#8221; animation_in=&#8221;fadeIn&#8221; el_class=&#8221;p-no-top&#8221; font_min_value=&#8221;10&#8243; font_max_value=&#8221;14&#8243; font_mid_value=&#8221;60&#8243; font_letterspacing_value=&#8221;0.015em&#8221;]<\/p>\n<p style=\"text-align: left;\"><a class=\"az-disable-smooth-scroll\" href=\"https:\/\/ram-electronic-gmbh.de\/it\/squadra\/#randy-brodrecht\">Randy Brodrecht, Amministratore Delegato<\/a><\/p>\n<p>[\/vc_column_text][az_single_image image=&#8221;204&#8243; responsive_lg=&#8221;hidden&#8221; responsive_md=&#8221;hidden&#8221;][\/vc_column][\/vc_row][vc_row module_type=&#8221;bg-color&#8221; shift_xy=&#8221;yes-shift&#8221; shift_x_axis=&#8221;14vw&#8221; shift_x_axis_mobile=&#8221;no&#8221; section_detect_colors=&#8221;light-detect&#8221; section_id=&#8221;details&#8221; bg_color=&#8221;#ffffff&#8221;][vc_column][vc_row_inner padding_top=&#8221;30&#8243; padding_bottom=&#8221;30&#8243;][vc_column_inner width=&#8221;1\/2&#8243;][az_box_icons box_icon_title=&#8221;Server di terminale e VDI&#8221; box_icon_position=&#8221;left&#8221; margin_top=&#8221;30&#8243; icon_visibility=&#8221;yes-icon&#8221; icon_type=&#8221;font&#8221; icon=&#8221;az-icon az-icon-server&#8221; icon_color_mode=&#8221;on-the-fly&#8221; animation_fx=&#8221;yes-animation&#8221; animation_offset_scroll_down=&#8221;85&#8243; icon_color=&#8221;#000000&#8243; icon_size=&#8221;27&#8243; animation_in=&#8221;fadeInRight&#8221;]Col server di terminale e le infrastrutture virtuali potete portare il vostro posto di lavoro abituale ovunque lo desideriate \u2013 indipendentemente dal fatto che lavoriate in ufficio, a casa oppure in un parco. Come funziona? Molto semplicemente: il software non \u00e8 sul vostro computer, \u00e8 su un server centrale. Il vantaggio: tutti i dati vengono conservati in un data center o sul server. Flessibile, sicuro e in tutto il mondo.[\/az_box_icons][\/vc_column_inner][vc_column_inner width=&#8221;1\/2&#8243;][az_box_icons box_icon_title=&#8221;Virtualizzazione&#8221; box_icon_position=&#8221;left&#8221; margin_top=&#8221;30&#8243; icon_visibility=&#8221;yes-icon&#8221; icon_type=&#8221;font&#8221; icon=&#8221;az-icon az-icon-globe2&#8243; icon_color_mode=&#8221;on-the-fly&#8221; animation_fx=&#8221;yes-animation&#8221; animation_delay=&#8221;300&#8243; animation_offset_scroll_down=&#8221;85&#8243; icon_color=&#8221;#000000&#8243; icon_size=&#8221;27&#8243; animation_in=&#8221;fadeInRight&#8221;]Grazie alla virtualizzazione e al moderno collegamento in rete \u00e8 possibile combinare maggiore disponibilit\u00e0 e flessibilit\u00e0. Virtualizzeremo il vostro hardware con Microsoft Hyper-V, il leader del mercato in questo settore. Con la virtualizzazione del vostro parco server in uno dei nostri data center eviterete anche i costi per l&#8217;acquisto di nuovo hardware.[\/az_box_icons][\/vc_column_inner][\/vc_row_inner][vc_empty_space height=&#8221;20px&#8221; responsive_sm=&#8221;hidden&#8221; responsive_xs=&#8221;hidden&#8221;][vc_row_inner padding_top=&#8221;0&#8243; padding_bottom=&#8221;30&#8243;][vc_column_inner width=&#8221;1\/2&#8243;][az_box_icons box_icon_title=&#8221;Data center&#8221; box_icon_position=&#8221;left&#8221; margin_top=&#8221;30&#8243; icon_visibility=&#8221;yes-icon&#8221; icon_type=&#8221;font&#8221; icon=&#8221;az-icon az-icon-layout&#8221; icon_color_mode=&#8221;on-the-fly&#8221; animation_fx=&#8221;yes-animation&#8221; animation_delay=&#8221;300&#8243; animation_offset_scroll_down=&#8221;80&#8243; icon_color=&#8221;#000000&#8243; icon_size=&#8221;27&#8243; animation_in=&#8221;fadeInLeft&#8221;]L\u2019ufficio \u00e8 piccolo, non c\u2019\u00e8 spazio per l&#8217;hardware? Non c\u2019\u00e8 problema. In questo caso vi forniremo client, server e telefonia attraverso il nostro data center. Primo vantaggio: il vostro workflow non cambier\u00e0. Secondo vantaggio: dove prima c\u2019era l\u2019IT adesso c\u2019\u00e8 posto per un nuovo collega. C\u2019\u00e8 un solo apparecchio che ancora rimane al suo posto: la stampante.[\/az_box_icons][\/vc_column_inner][vc_column_inner width=&#8221;1\/2&#8243;][az_box_icons box_icon_title=&#8221;VPN \u2013 Virtual private network&#8221; box_icon_position=&#8221;left&#8221; margin_top=&#8221;30&#8243; icon_visibility=&#8221;yes-icon&#8221; icon_type=&#8221;font&#8221; icon=&#8221;az-icon az-icon-download2&#8243; icon_color_mode=&#8221;on-the-fly&#8221; animation_fx=&#8221;yes-animation&#8221; animation_offset_scroll_down=&#8221;80&#8243; icon_color=&#8221;#000000&#8243; icon_size=&#8221;27&#8243; animation_in=&#8221;fadeInLeft&#8221;]Che si tratti di connettivit\u00e0 di location, home office o telelavoro, provvederemo a una rete con massima sicurezza e affidabilit\u00e0, indipendente dal produttore. Collegheremo collaboratori, uffici di progetto, clienti e partner alla vostra rete. Inclusa la telefonia per tutte le location.[\/az_box_icons][\/vc_column_inner][\/vc_row_inner][\/vc_column][\/vc_row]<\/p>\n<\/div>","protected":false},"excerpt":{"rendered":"<p>[vc_row scroll_to_next=&#8221;yes&#8221; section_layout=&#8221;full-screen-section&#8221; section_container_layout=&#8221;full-width&#8221; module_type=&#8221;bg-image&#8221; bg_image=&#8221;139&#8243; bg_image_position=&#8221;center_bottom&#8221; parallax_fx=&#8221;yes-parallax&#8221; parallax_fx_speed=&#8221;6&#8243; section_detect_colors=&#8221;dark-detect&#8221; scroll_icon_color=&#8221;#ffffff&#8221; section_class=&#8221;frame big-start&#8221; next_section_id=&#8221;details&#8221;][vc_column column_link_visibility=&#8221;yes&#8221; shift_xy=&#8221;yes-shift&#8221; shift_x_axis=&#8221;14vw&#8221; shift_x_axis_mobile=&#8221;no&#8221; width=&#8221;1\/6&#8243; column_link=&#8221;url:https%3A%2F%2Fram-electronic-gmbh.de%2Fit%2F|title:RAM%20electronic%20%7C%20Computer%2C%20tecnologia%2C%20servizi%20e%20reti&#8221;][az_single_svg_image svg_type=&#8221;svg&#8221; image=&#8221;13&#8243; responsive_sm=&#8221;hidden&#8221; responsive_xs=&#8221;hidden&#8221;][vc_empty_space height=&#8221;10.5vw&#8221; responsive_lg=&#8221;hidden&#8221; responsive_md=&#8221;hidden&#8221;][\/vc_column][vc_column shift_xy=&#8221;yes-shift&#8221; shift_x_axis_mobile=&#8221;no&#8221; shift_y_axis=&#8221;5.9vw&#8221; shift_y_axis_mobile=&#8221;no&#8221; width=&#8221;5\/12&#8243; advanced_responsive=&#8221;col-lg-4 col-lg-push-4 col-md-push-2 col-sm-push-0 col-xs-push-0&#8243;][vc_column_text font_visibility=&#8221;yes&#8221; fonts_select=&#8221;google&#8221; google_fonts=&#8221;font_family:Montserrat%3Aregular%2C700|font_style:400%3A400&#8243; fonts_size_select=&#8221;custom&#8221; font_weight_value=&#8221;300&#8243; font_lineheight_value=&#8221;109&#8243; animation_fx=&#8221;yes-animation&#8221; animation_speed=&#8221;1500&#8243; animation_delay=&#8221;500&#8243; animation_offset_scroll_down=&#8221;85&#8243; font_min_value=&#8221;27&#8243; font_max_value=&#8221;63&#8243; font_mid_value=&#8221;50&#8243; font_color_value=&#8221;#ffffff&#8221; animation_in=&#8221;fadeInLeft&#8221;] Chi desidera raggiungere [&hellip;]<\/p>\n","protected":false},"author":1,"featured_media":858,"parent":0,"menu_order":0,"comment_status":"closed","ping_status":"closed","template":"","meta":{"footnotes":"","_links_to":"","_links_to_target":""},"class_list":["post-795","page","type-page","status-publish","has-post-thumbnail","hentry"],"yoast_head":"<!-- This site is optimized with the Yoast SEO plugin v27.2 - https:\/\/yoast.com\/product\/yoast-seo-wordpress\/ -->\n<title>Server e infrastrutture | ram electronic GmbH a Norderstedt<\/title>\n<meta name=\"description\" content=\"Che si tratti di singoli server, di una server farm, o di blade: installeremo e ci prenderemo cura del vostro ambiente IT.\" \/>\n<meta name=\"robots\" content=\"index, follow, max-snippet:-1, max-image-preview:large, max-video-preview:-1\" \/>\n<link rel=\"canonical\" href=\"https:\/\/ram-electronic-gmbh.de\/it\/server-e-infrastrutture\/\" \/>\n<meta property=\"og:locale\" content=\"it_IT\" \/>\n<meta property=\"og:type\" content=\"article\" \/>\n<meta property=\"og:title\" content=\"Server e infrastrutture | ram electronic GmbH a Norderstedt\" \/>\n<meta property=\"og:description\" content=\"Che si tratti di singoli server, di una server farm, o di blade: installeremo e ci prenderemo cura del vostro ambiente IT.\" \/>\n<meta property=\"og:url\" content=\"https:\/\/ram-electronic-gmbh.de\/it\/server-e-infrastrutture\/\" \/>\n<meta property=\"og:site_name\" content=\"ram electronic \u2013 Computer, Technik, Service und Netzwerke\" \/>\n<meta property=\"article:modified_time\" content=\"2025-03-30T17:08:49+00:00\" \/>\n<meta property=\"og:image\" content=\"https:\/\/ram-electronic-gmbh.de\/wp-content\/uploads\/2019\/12\/randy_client_and_server_cut-1-scaled.jpg\" \/>\n\t<meta property=\"og:image:width\" content=\"2560\" \/>\n\t<meta property=\"og:image:height\" content=\"1818\" \/>\n\t<meta property=\"og:image:type\" content=\"image\/jpeg\" \/>\n<meta name=\"twitter:card\" content=\"summary_large_image\" \/>\n<meta name=\"twitter:label1\" content=\"Tempo di lettura stimato\" \/>\n\t<meta name=\"twitter:data1\" content=\"4 minuti\" \/>\n<script type=\"application\/ld+json\" class=\"yoast-schema-graph\">{\"@context\":\"https:\/\/schema.org\",\"@graph\":[{\"@type\":\"WebPage\",\"@id\":\"https:\/\/ram-electronic-gmbh.de\/it\/server-e-infrastrutture\/\",\"url\":\"https:\/\/ram-electronic-gmbh.de\/it\/server-e-infrastrutture\/\",\"name\":\"Server e infrastrutture | ram electronic GmbH a Norderstedt\",\"isPartOf\":{\"@id\":\"https:\/\/ram-electronic-gmbh.de\/#website\"},\"primaryImageOfPage\":{\"@id\":\"https:\/\/ram-electronic-gmbh.de\/it\/server-e-infrastrutture\/#primaryimage\"},\"image\":{\"@id\":\"https:\/\/ram-electronic-gmbh.de\/it\/server-e-infrastrutture\/#primaryimage\"},\"thumbnailUrl\":\"https:\/\/ram-electronic-gmbh.de\/wp-content\/uploads\/2019\/12\/randy_client_and_server_cut-1-scaled.jpg\",\"datePublished\":\"2020-11-18T08:53:16+00:00\",\"dateModified\":\"2025-03-30T17:08:49+00:00\",\"description\":\"Che si tratti di singoli server, di una server farm, o di blade: installeremo e ci prenderemo cura del vostro ambiente IT.\",\"breadcrumb\":{\"@id\":\"https:\/\/ram-electronic-gmbh.de\/it\/server-e-infrastrutture\/#breadcrumb\"},\"inLanguage\":\"it-IT\",\"potentialAction\":[{\"@type\":\"ReadAction\",\"target\":[\"https:\/\/ram-electronic-gmbh.de\/it\/server-e-infrastrutture\/\"]}]},{\"@type\":\"ImageObject\",\"inLanguage\":\"it-IT\",\"@id\":\"https:\/\/ram-electronic-gmbh.de\/it\/server-e-infrastrutture\/#primaryimage\",\"url\":\"https:\/\/ram-electronic-gmbh.de\/wp-content\/uploads\/2019\/12\/randy_client_and_server_cut-1-scaled.jpg\",\"contentUrl\":\"https:\/\/ram-electronic-gmbh.de\/wp-content\/uploads\/2019\/12\/randy_client_and_server_cut-1-scaled.jpg\",\"width\":2560,\"height\":1818,\"caption\":\"Server & Infrastruktur\"},{\"@type\":\"BreadcrumbList\",\"@id\":\"https:\/\/ram-electronic-gmbh.de\/it\/server-e-infrastrutture\/#breadcrumb\",\"itemListElement\":[{\"@type\":\"ListItem\",\"position\":1,\"name\":\"Home\",\"item\":\"https:\/\/ram-electronic-gmbh.de\/it\/\"},{\"@type\":\"ListItem\",\"position\":2,\"name\":\"Server e infrastrutture\"}]},{\"@type\":\"WebSite\",\"@id\":\"https:\/\/ram-electronic-gmbh.de\/#website\",\"url\":\"https:\/\/ram-electronic-gmbh.de\/\",\"name\":\"ram electronic \u2013 Computer, Technik, Service und Netzwerke\",\"description\":\"Computer, Technik, Service und Netzwerke\",\"publisher\":{\"@id\":\"https:\/\/ram-electronic-gmbh.de\/#organization\"},\"potentialAction\":[{\"@type\":\"SearchAction\",\"target\":{\"@type\":\"EntryPoint\",\"urlTemplate\":\"https:\/\/ram-electronic-gmbh.de\/?s={search_term_string}\"},\"query-input\":{\"@type\":\"PropertyValueSpecification\",\"valueRequired\":true,\"valueName\":\"search_term_string\"}}],\"inLanguage\":\"it-IT\"},{\"@type\":\"Organization\",\"@id\":\"https:\/\/ram-electronic-gmbh.de\/#organization\",\"name\":\"RAM electronic GmbH\",\"url\":\"https:\/\/ram-electronic-gmbh.de\/\",\"logo\":{\"@type\":\"ImageObject\",\"inLanguage\":\"it-IT\",\"@id\":\"https:\/\/ram-electronic-gmbh.de\/#\/schema\/logo\/image\/\",\"url\":\"https:\/\/ram-electronic-gmbh.de\/wp-content\/uploads\/2019\/12\/RAM_logo_pos.svg\",\"contentUrl\":\"https:\/\/ram-electronic-gmbh.de\/wp-content\/uploads\/2019\/12\/RAM_logo_pos.svg\",\"width\":1,\"height\":1,\"caption\":\"RAM electronic GmbH\"},\"image\":{\"@id\":\"https:\/\/ram-electronic-gmbh.de\/#\/schema\/logo\/image\/\"}}]}<\/script>\n<!-- \/ Yoast SEO plugin. -->","yoast_head_json":{"title":"Server e infrastrutture | ram electronic GmbH a Norderstedt","description":"Che si tratti di singoli server, di una server farm, o di blade: installeremo e ci prenderemo cura del vostro ambiente IT.","robots":{"index":"index","follow":"follow","max-snippet":"max-snippet:-1","max-image-preview":"max-image-preview:large","max-video-preview":"max-video-preview:-1"},"canonical":"https:\/\/ram-electronic-gmbh.de\/it\/server-e-infrastrutture\/","og_locale":"it_IT","og_type":"article","og_title":"Server e infrastrutture | ram electronic GmbH a Norderstedt","og_description":"Che si tratti di singoli server, di una server farm, o di blade: installeremo e ci prenderemo cura del vostro ambiente IT.","og_url":"https:\/\/ram-electronic-gmbh.de\/it\/server-e-infrastrutture\/","og_site_name":"ram electronic \u2013 Computer, Technik, Service und Netzwerke","article_modified_time":"2025-03-30T17:08:49+00:00","og_image":[{"width":2560,"height":1818,"url":"https:\/\/ram-electronic-gmbh.de\/wp-content\/uploads\/2019\/12\/randy_client_and_server_cut-1-scaled.jpg","type":"image\/jpeg"}],"twitter_card":"summary_large_image","twitter_misc":{"Tempo di lettura stimato":"4 minuti"},"schema":{"@context":"https:\/\/schema.org","@graph":[{"@type":"WebPage","@id":"https:\/\/ram-electronic-gmbh.de\/it\/server-e-infrastrutture\/","url":"https:\/\/ram-electronic-gmbh.de\/it\/server-e-infrastrutture\/","name":"Server e infrastrutture | ram electronic GmbH a Norderstedt","isPartOf":{"@id":"https:\/\/ram-electronic-gmbh.de\/#website"},"primaryImageOfPage":{"@id":"https:\/\/ram-electronic-gmbh.de\/it\/server-e-infrastrutture\/#primaryimage"},"image":{"@id":"https:\/\/ram-electronic-gmbh.de\/it\/server-e-infrastrutture\/#primaryimage"},"thumbnailUrl":"https:\/\/ram-electronic-gmbh.de\/wp-content\/uploads\/2019\/12\/randy_client_and_server_cut-1-scaled.jpg","datePublished":"2020-11-18T08:53:16+00:00","dateModified":"2025-03-30T17:08:49+00:00","description":"Che si tratti di singoli server, di una server farm, o di blade: installeremo e ci prenderemo cura del vostro ambiente IT.","breadcrumb":{"@id":"https:\/\/ram-electronic-gmbh.de\/it\/server-e-infrastrutture\/#breadcrumb"},"inLanguage":"it-IT","potentialAction":[{"@type":"ReadAction","target":["https:\/\/ram-electronic-gmbh.de\/it\/server-e-infrastrutture\/"]}]},{"@type":"ImageObject","inLanguage":"it-IT","@id":"https:\/\/ram-electronic-gmbh.de\/it\/server-e-infrastrutture\/#primaryimage","url":"https:\/\/ram-electronic-gmbh.de\/wp-content\/uploads\/2019\/12\/randy_client_and_server_cut-1-scaled.jpg","contentUrl":"https:\/\/ram-electronic-gmbh.de\/wp-content\/uploads\/2019\/12\/randy_client_and_server_cut-1-scaled.jpg","width":2560,"height":1818,"caption":"Server & Infrastruktur"},{"@type":"BreadcrumbList","@id":"https:\/\/ram-electronic-gmbh.de\/it\/server-e-infrastrutture\/#breadcrumb","itemListElement":[{"@type":"ListItem","position":1,"name":"Home","item":"https:\/\/ram-electronic-gmbh.de\/it\/"},{"@type":"ListItem","position":2,"name":"Server e infrastrutture"}]},{"@type":"WebSite","@id":"https:\/\/ram-electronic-gmbh.de\/#website","url":"https:\/\/ram-electronic-gmbh.de\/","name":"ram electronic \u2013 Computer, Technik, Service und Netzwerke","description":"Computer, Technik, Service und Netzwerke","publisher":{"@id":"https:\/\/ram-electronic-gmbh.de\/#organization"},"potentialAction":[{"@type":"SearchAction","target":{"@type":"EntryPoint","urlTemplate":"https:\/\/ram-electronic-gmbh.de\/?s={search_term_string}"},"query-input":{"@type":"PropertyValueSpecification","valueRequired":true,"valueName":"search_term_string"}}],"inLanguage":"it-IT"},{"@type":"Organization","@id":"https:\/\/ram-electronic-gmbh.de\/#organization","name":"RAM electronic GmbH","url":"https:\/\/ram-electronic-gmbh.de\/","logo":{"@type":"ImageObject","inLanguage":"it-IT","@id":"https:\/\/ram-electronic-gmbh.de\/#\/schema\/logo\/image\/","url":"https:\/\/ram-electronic-gmbh.de\/wp-content\/uploads\/2019\/12\/RAM_logo_pos.svg","contentUrl":"https:\/\/ram-electronic-gmbh.de\/wp-content\/uploads\/2019\/12\/RAM_logo_pos.svg","width":1,"height":1,"caption":"RAM electronic GmbH"},"image":{"@id":"https:\/\/ram-electronic-gmbh.de\/#\/schema\/logo\/image\/"}}]}},"_links":{"self":[{"href":"https:\/\/ram-electronic-gmbh.de\/it\/wp-json\/wp\/v2\/pages\/795","targetHints":{"allow":["GET"]}}],"collection":[{"href":"https:\/\/ram-electronic-gmbh.de\/it\/wp-json\/wp\/v2\/pages"}],"about":[{"href":"https:\/\/ram-electronic-gmbh.de\/it\/wp-json\/wp\/v2\/types\/page"}],"author":[{"embeddable":true,"href":"https:\/\/ram-electronic-gmbh.de\/it\/wp-json\/wp\/v2\/users\/1"}],"replies":[{"embeddable":true,"href":"https:\/\/ram-electronic-gmbh.de\/it\/wp-json\/wp\/v2\/comments?post=795"}],"version-history":[{"count":5,"href":"https:\/\/ram-electronic-gmbh.de\/it\/wp-json\/wp\/v2\/pages\/795\/revisions"}],"predecessor-version":[{"id":1259,"href":"https:\/\/ram-electronic-gmbh.de\/it\/wp-json\/wp\/v2\/pages\/795\/revisions\/1259"}],"wp:featuredmedia":[{"embeddable":true,"href":"https:\/\/ram-electronic-gmbh.de\/it\/wp-json\/wp\/v2\/media\/858"}],"wp:attachment":[{"href":"https:\/\/ram-electronic-gmbh.de\/it\/wp-json\/wp\/v2\/media?parent=795"}],"curies":[{"name":"wp","href":"https:\/\/api.w.org\/{rel}","templated":true}]}}