{"id":780,"date":"2020-11-18T09:47:54","date_gmt":"2020-11-18T08:47:54","guid":{"rendered":"https:\/\/ram-electronic-gmbh.de\/?page_id=780"},"modified":"2026-03-20T20:36:22","modified_gmt":"2026-03-20T19:36:22","slug":"ram-electronic-computer-tecnologia-servizi-e-reti","status":"publish","type":"page","link":"https:\/\/ram-electronic-gmbh.de\/it\/","title":{"rendered":"ram electronic | Computer, tecnologia, servizi e reti"},"content":{"rendered":"<div class=\"wpb-content-wrapper\"><p>[vc_row scroll_to_next=&#8221;yes&#8221; section_layout=&#8221;full-screen-section&#8221; section_container_layout=&#8221;full-width&#8221; module_type=&#8221;bg-image&#8221; bg_image=&#8221;767&#8243; parallax_fx=&#8221;yes-parallax&#8221; parallax_fx_speed=&#8221;6&#8243; shift_xy=&#8221;yes-shift&#8221; shift_x_axis=&#8221;6.3vw&#8221; shift_x_axis_mobile=&#8221;no&#8221; section_detect_colors=&#8221;dark-detect&#8221; scroll_icon_color=&#8221;#ffffff&#8221; section_class=&#8221;frame arrow-shift big-start-cover&#8221; next_section_id=&#8221;intro&#8221;][vc_column shift_xy=&#8221;yes-shift&#8221; shift_x_axis=&#8221;24vw&#8221; shift_x_axis_mobile=&#8221;no&#8221; shift_y_axis=&#8221;17.2vw&#8221; width=&#8221;1\/3&#8243; advanced_responsive=&#8221;col-lg-5&#8243;][vc_column_text font_visibility=&#8221;yes&#8221; fonts_select=&#8221;google&#8221; google_fonts=&#8221;font_family:Montserrat%3Aregular%2C700|font_style:400%3A400&#8243; fonts_size_select=&#8221;custom&#8221; font_weight_value=&#8221;300&#8243; font_lineheight_value=&#8221;109&#8243; animation_fx=&#8221;yes-animation&#8221; animation_speed=&#8221;1500&#8243; animation_delay=&#8221;500&#8243; animation_offset_scroll_down=&#8221;85&#8243; font_min_value=&#8221;27&#8243; font_max_value=&#8221;63&#8243; font_mid_value=&#8221;50&#8243; font_color_value=&#8221;#ffffff&#8221; animation_in=&#8221;fadeInUp&#8221;]<\/p>\n<h1 style=\"text-align: right;\">IT intelligente, perfettamente interconnesso. Ecco un esempio illuminante.<\/h1>\n<p>[\/vc_column_text][\/vc_column][vc_column shift_xy=&#8221;yes-shift&#8221; shift_x_axis=&#8221;9.5vw&#8221; shift_x_axis_mobile=&#8221;no&#8221; shift_y_axis=&#8221;-0.5vw&#8221; shift_y_axis_mobile=&#8221;no&#8221; width=&#8221;1\/3&#8243;][az_single_svg_image svg_type=&#8221;svg&#8221; image=&#8221;13&#8243;][\/vc_column][vc_column shift_xy=&#8221;yes-shift&#8221; shift_x_axis=&#8221;-3.5vw&#8221; shift_x_axis_mobile=&#8221;no&#8221; shift_y_axis=&#8221;12.75vw&#8221; shift_y_axis_mobile=&#8221;no&#8221; width=&#8221;1\/3&#8243; advanced_responsive=&#8221;col-lg-3&#8243;][vc_column_text font_visibility=&#8221;yes&#8221; animation_fx=&#8221;yes-animation&#8221; animation_speed=&#8221;1500&#8243; animation_delay=&#8221;1500&#8243; animation_offset_scroll_down=&#8221;85&#8243; font_color_value=&#8221;#ffffff&#8221; animation_in=&#8221;fadeInUp&#8221; el_class=&#8221;p-no-top&#8221;]Da oltre 30 anni, ram electronic GmbH opera per l\u2019IT di aziende nella Germania settentrionale \u2013 da hosted services all\u2019infrastruttura \u00abon site\u00bb.<\/p>\n<p><a href=\"#intro\">Scoprite di pi\u00f9.<\/a>[\/vc_column_text][vc_empty_space height=&#8221;50vh&#8221; responsive_lg=&#8221;hidden&#8221; responsive_md=&#8221;hidden&#8221;][\/vc_column][\/vc_row][vc_row module_type=&#8221;bg-color&#8221; shift_xy=&#8221;yes-shift&#8221; shift_x_axis=&#8221;14vw&#8221; shift_x_axis_mobile=&#8221;no&#8221; section_detect_colors=&#8221;light-detect&#8221; section_id=&#8221;intro&#8221; bg_color=&#8221;#ffffff&#8221;][vc_column][vc_row_inner padding_top=&#8221;30&#8243; padding_bottom=&#8221;30&#8243;][vc_column_inner width=&#8221;1\/2&#8243;][az_box_icons box_icon_title=&#8221;Servizio completo \u2013 proprio la nostra specialit\u00e0.&#8221; box_icon_position=&#8221;left&#8221; margin_top=&#8221;30&#8243; icon_visibility=&#8221;yes-icon&#8221; icon_type=&#8221;font&#8221; icon=&#8221;az-icon az-icon-clipboard2&#8243; icon_color_mode=&#8221;on-the-fly&#8221; animation_fx=&#8221;yes-animation&#8221; animation_offset_scroll_down=&#8221;85&#8243; icon_color=&#8221;#000000&#8243; icon_size=&#8221;27&#8243; animation_in=&#8221;fadeInRight&#8221;]Da oltre 30 anni, ram electronic GmbH opera per l\u2019IT di aziende nella Germania settentrionale, da hosted services all\u2019infrastruttura. Noi sappiamo benissimo cosa ha importanza, quali soluzioni sono consolidate e ci prendiamo volentieri la responsabilit\u00e0 \u201con site\u201c del vostro IT. Se siete di quelli che non possono pi\u00f9 sentire la frase: \u201cL&#8217;IT \u00e8 di nuovo impazzito\u201d, pare che sia il momento che ci conosciamo.[\/az_box_icons][\/vc_column_inner][vc_column_inner width=&#8221;1\/2&#8243;][az_box_icons box_icon_title=&#8221;La responsabilit\u00e0 \u00e8 nostra.&#8221; box_icon_position=&#8221;left&#8221; margin_top=&#8221;30&#8243; icon_visibility=&#8221;yes-icon&#8221; icon_type=&#8221;font&#8221; icon=&#8221;az-icon az-icon-check2&#8243; icon_color_mode=&#8221;on-the-fly&#8221; animation_fx=&#8221;yes-animation&#8221; animation_delay=&#8221;300&#8243; animation_offset_scroll_down=&#8221;85&#8243; icon_color=&#8221;#000000&#8243; icon_size=&#8221;27&#8243; animation_in=&#8221;fadeInRight&#8221;]Gestiamo ci\u00f2 che progettiamo e installiamo \u2013 e se lo desiderate ci assumiamo la responsabilit\u00e0 completa per il funzionamento senza interruzioni. I nostri clienti sanno che possono contare su di noi. Non importa se di giorno, di notte oppure in caso di emergenza. Sempre secondo il nostro motto: abbastanza grandi per realizzare progetti ambiziosi, abbastanza piccoli per rimanere flessibili.[\/az_box_icons][\/vc_column_inner][\/vc_row_inner][vc_empty_space height=&#8221;20px&#8221; responsive_sm=&#8221;hidden&#8221; responsive_xs=&#8221;hidden&#8221;][vc_row_inner padding_top=&#8221;0&#8243; padding_bottom=&#8221;30&#8243;][vc_column_inner width=&#8221;1\/2&#8243;][az_box_icons box_icon_title=&#8221;L\u2019attesa \u00e8 di\u2026.10 secondi.&#8221; box_icon_position=&#8221;left&#8221; margin_top=&#8221;30&#8243; icon_visibility=&#8221;yes-icon&#8221; icon_type=&#8221;font&#8221; icon=&#8221;az-icon az-icon-clock2&#8243; icon_color_mode=&#8221;on-the-fly&#8221; animation_fx=&#8221;yes-animation&#8221; animation_offset_scroll_down=&#8221;80&#8243; icon_color=&#8221;#000000&#8243; icon_size=&#8221;27&#8243; animation_in=&#8221;fadeInRight&#8221;]Quando chiamate ram electronic GmbH, non dovete armarvi di pazienza, perch\u00e9 dopo pochi secondi parlate gi\u00e0 con la persona giusta. E poich\u00e9 tutte le informazioni sono a disposizione di tutti i nostri operatori vi aiuteremo anche se il vostro referente \u00e8 fuori sede.[\/az_box_icons][\/vc_column_inner][vc_column_inner width=&#8221;1\/2&#8243;][az_box_icons box_icon_title=&#8221;Design, build, run \u2013 progettare, installare, gestire.&#8221; box_icon_position=&#8221;left&#8221; margin_top=&#8221;30&#8243; icon_visibility=&#8221;yes-icon&#8221; icon_type=&#8221;font&#8221; icon=&#8221;az-icon az-icon-layers2&#8243; icon_color_mode=&#8221;on-the-fly&#8221; animation_fx=&#8221;yes-animation&#8221; animation_delay=&#8221;300&#8243; animation_offset_scroll_down=&#8221;80&#8243; icon_color=&#8221;#000000&#8243; icon_size=&#8221;27&#8243; animation_in=&#8221;fadeInRight&#8221;]Supportiamo il vostro IT per tutto il ciclo di vita. Iniziando dalla strategia, passando per l&#8217;ideazione fino alla realizzazione dei sistemi e al supporto a lungo termine. Naturalmente nell&#8217;ambito del budget previsto, in stretto coordinamento con voi e con professionisti che sanno fare il loro mestiere.[\/az_box_icons][\/vc_column_inner][\/vc_row_inner][\/vc_column][\/vc_row][vc_row padding_top=&#8221;30&#8243; padding_bottom=&#8221;30&#8243; module_type=&#8221;bg-image&#8221; bg_image=&#8221;353&#8243; parallax_fx=&#8221;yes-parallax&#8221; parallax_fx_speed=&#8221;6&#8243; equal_height=&#8221;yes&#8221; section_detect_colors=&#8221;light-detect&#8221; section_class=&#8221;frame&#8221; section_id=&#8221;phone&#8221;][vc_column column_position_vertical=&#8221;middle&#8221; column_force_height=&#8221;yes&#8221; advanced_responsive=&#8221;col-md-push-1 col-sm-push-0 col-xs-push-0&#8243;][vc_empty_space height=&#8221;50px&#8221; responsive_lg=&#8221;hidden&#8221; responsive_md=&#8221;hidden&#8221;][vc_empty_space height=&#8221;6vw&#8221; responsive_sm=&#8221;hidden&#8221; responsive_xs=&#8221;hidden&#8221;][az_button button_alignment=&#8221;align-center&#8221; button_size=&#8221;large&#8221; button_shape=&#8221;circle&#8221; margin_bottom=&#8221;50&#8243; button_color_mode=&#8221;yes&#8221; button_bg_color_select=&#8221;on-the-fly&#8221; button_hover_bg_color_select=&#8221;on-the-fly&#8221; button_txt_color_select=&#8221;on-the-fly&#8221; button_hover_txt_color_select=&#8221;on-the-fly&#8221; animation_fx=&#8221;yes-animation&#8221; animation_offset_scroll_down=&#8221;85&#8243; button_text=&#8221;ASSISTENZA REMOTA&#8221; button_link=&#8221;url:https%3A%2F%2Fram-electronic-gmbh.de%2Fit%2Ffernwartung%2F|title:Fernwartung|target:_blank&#8221; button_bg_color=&#8221;#ffffff&#8221; button_hover_bg_color=&#8221;#529eff&#8221; button_hover_txt_color=&#8221;#ffffff&#8221; button_txt_color=&#8221;#000000&#8243; animation_in=&#8221;fadeInDown&#8221;][vc_column_text font_visibility=&#8221;yes&#8221; fonts_select=&#8221;google&#8221; google_fonts=&#8221;font_family:Montserrat%3Aregular%2C700|font_style:400%3A400&#8243; fonts_size_select=&#8221;custom&#8221; font_weight_value=&#8221;300&#8243; font_lineheight_value=&#8221;109&#8243; animation_fx=&#8221;yes-animation&#8221; animation_speed=&#8221;1900&#8243; animation_offset_scroll_down=&#8221;85&#8243; font_min_value=&#8221;19&#8243; font_max_value=&#8221;50&#8243; font_mid_value=&#8221;60&#8243; font_color_value=&#8221;#ffffff&#8221; animation_in=&#8221;fadeIn&#8221;]<\/p>\n<h1 id=\"phone_number_main_page\" style=\"text-align: center;\"><a style=\"font-weight: 400 !important;\" href=\"tel:+49403085430\">+49 40 308543-0<\/a><\/h1>\n<p>[\/vc_column_text][vc_empty_space height=&#8221;6vw&#8221; responsive_sm=&#8221;hidden&#8221; responsive_xs=&#8221;hidden&#8221;][vc_empty_space height=&#8221;50px&#8221; responsive_lg=&#8221;hidden&#8221; responsive_md=&#8221;hidden&#8221;][\/vc_column][\/vc_row]<\/p>\n<\/div>","protected":false},"excerpt":{"rendered":"<p>[vc_row scroll_to_next=&#8221;yes&#8221; section_layout=&#8221;full-screen-section&#8221; section_container_layout=&#8221;full-width&#8221; module_type=&#8221;bg-image&#8221; bg_image=&#8221;767&#8243; parallax_fx=&#8221;yes-parallax&#8221; parallax_fx_speed=&#8221;6&#8243; shift_xy=&#8221;yes-shift&#8221; shift_x_axis=&#8221;6.3vw&#8221; shift_x_axis_mobile=&#8221;no&#8221; section_detect_colors=&#8221;dark-detect&#8221; scroll_icon_color=&#8221;#ffffff&#8221; section_class=&#8221;frame arrow-shift big-start-cover&#8221; next_section_id=&#8221;intro&#8221;][vc_column shift_xy=&#8221;yes-shift&#8221; shift_x_axis=&#8221;24vw&#8221; shift_x_axis_mobile=&#8221;no&#8221; shift_y_axis=&#8221;17.2vw&#8221; width=&#8221;1\/3&#8243; advanced_responsive=&#8221;col-lg-5&#8243;][vc_column_text font_visibility=&#8221;yes&#8221; fonts_select=&#8221;google&#8221; google_fonts=&#8221;font_family:Montserrat%3Aregular%2C700|font_style:400%3A400&#8243; fonts_size_select=&#8221;custom&#8221; font_weight_value=&#8221;300&#8243; font_lineheight_value=&#8221;109&#8243; animation_fx=&#8221;yes-animation&#8221; animation_speed=&#8221;1500&#8243; animation_delay=&#8221;500&#8243; animation_offset_scroll_down=&#8221;85&#8243; font_min_value=&#8221;27&#8243; font_max_value=&#8221;63&#8243; font_mid_value=&#8221;50&#8243; font_color_value=&#8221;#ffffff&#8221; animation_in=&#8221;fadeInUp&#8221;] IT intelligente, perfettamente interconnesso. Ecco un esempio illuminante. [\/vc_column_text][\/vc_column][vc_column shift_xy=&#8221;yes-shift&#8221; shift_x_axis=&#8221;9.5vw&#8221; shift_x_axis_mobile=&#8221;no&#8221; shift_y_axis=&#8221;-0.5vw&#8221; shift_y_axis_mobile=&#8221;no&#8221; width=&#8221;1\/3&#8243;][az_single_svg_image svg_type=&#8221;svg&#8221; image=&#8221;13&#8243;][\/vc_column][vc_column [&hellip;]<\/p>\n","protected":false},"author":1,"featured_media":788,"parent":0,"menu_order":0,"comment_status":"closed","ping_status":"open","template":"","meta":{"footnotes":"","_links_to":"","_links_to_target":""},"class_list":["post-780","page","type-page","status-publish","has-post-thumbnail","hentry"],"yoast_head":"<!-- This site is optimized with the Yoast SEO plugin v27.2 - https:\/\/yoast.com\/product\/yoast-seo-wordpress\/ -->\n<title>IT | ram electronic \u2013 Computer, tecnologia, servizi e reti<\/title>\n<meta name=\"description\" content=\"La ram electronic GmbH opera per l\u2019IT di aziende nella Germania settentrionale \u2013 da hosted services all\u2019infrastruttura \u00abon site\u00bb.\" \/>\n<meta name=\"robots\" content=\"index, follow, max-snippet:-1, max-image-preview:large, max-video-preview:-1\" \/>\n<link rel=\"canonical\" href=\"https:\/\/ram-electronic-gmbh.de\/it\/\" \/>\n<meta property=\"og:locale\" content=\"it_IT\" \/>\n<meta property=\"og:type\" content=\"article\" \/>\n<meta property=\"og:title\" content=\"IT | ram electronic \u2013 Computer, tecnologia, servizi e reti\" \/>\n<meta property=\"og:description\" content=\"La ram electronic GmbH opera per l\u2019IT di aziende nella Germania settentrionale \u2013 da hosted services all\u2019infrastruttura \u00abon site\u00bb.\" \/>\n<meta property=\"og:url\" content=\"https:\/\/ram-electronic-gmbh.de\/it\/\" \/>\n<meta property=\"og:site_name\" content=\"ram electronic \u2013 Computer, Technik, Service und Netzwerke\" \/>\n<meta property=\"article:modified_time\" content=\"2026-03-20T19:36:22+00:00\" \/>\n<meta property=\"og:image\" content=\"https:\/\/ram-electronic-gmbh.de\/wp-content\/uploads\/2020\/06\/ram-car-scaled.jpg\" \/>\n\t<meta property=\"og:image:width\" content=\"2560\" \/>\n\t<meta property=\"og:image:height\" content=\"1674\" \/>\n\t<meta property=\"og:image:type\" content=\"image\/jpeg\" \/>\n<meta name=\"twitter:card\" content=\"summary_large_image\" \/>\n<meta name=\"twitter:label1\" content=\"Tempo di lettura stimato\" \/>\n\t<meta name=\"twitter:data1\" content=\"3 minuti\" \/>\n<script type=\"application\/ld+json\" class=\"yoast-schema-graph\">{\"@context\":\"https:\/\/schema.org\",\"@graph\":[{\"@type\":\"WebPage\",\"@id\":\"https:\/\/ram-electronic-gmbh.de\/it\/\",\"url\":\"https:\/\/ram-electronic-gmbh.de\/it\/\",\"name\":\"IT | ram electronic \u2013 Computer, tecnologia, servizi e reti\",\"isPartOf\":{\"@id\":\"https:\/\/ram-electronic-gmbh.de\/#website\"},\"primaryImageOfPage\":{\"@id\":\"https:\/\/ram-electronic-gmbh.de\/it\/#primaryimage\"},\"image\":{\"@id\":\"https:\/\/ram-electronic-gmbh.de\/it\/#primaryimage\"},\"thumbnailUrl\":\"https:\/\/ram-electronic-gmbh.de\/wp-content\/uploads\/2020\/06\/ram-car-scaled.jpg\",\"datePublished\":\"2020-11-18T08:47:54+00:00\",\"dateModified\":\"2026-03-20T19:36:22+00:00\",\"description\":\"La ram electronic GmbH opera per l\u2019IT di aziende nella Germania settentrionale \u2013 da hosted services all\u2019infrastruttura \u00abon site\u00bb.\",\"breadcrumb\":{\"@id\":\"https:\/\/ram-electronic-gmbh.de\/it\/#breadcrumb\"},\"inLanguage\":\"it-IT\",\"potentialAction\":[{\"@type\":\"ReadAction\",\"target\":[\"https:\/\/ram-electronic-gmbh.de\/it\/\"]}]},{\"@type\":\"ImageObject\",\"inLanguage\":\"it-IT\",\"@id\":\"https:\/\/ram-electronic-gmbh.de\/it\/#primaryimage\",\"url\":\"https:\/\/ram-electronic-gmbh.de\/wp-content\/uploads\/2020\/06\/ram-car-scaled.jpg\",\"contentUrl\":\"https:\/\/ram-electronic-gmbh.de\/wp-content\/uploads\/2020\/06\/ram-car-scaled.jpg\",\"width\":2560,\"height\":1674,\"caption\":\"Die ram electronic GmbH\"},{\"@type\":\"BreadcrumbList\",\"@id\":\"https:\/\/ram-electronic-gmbh.de\/it\/#breadcrumb\",\"itemListElement\":[{\"@type\":\"ListItem\",\"position\":1,\"name\":\"Home\",\"item\":\"https:\/\/ram-electronic-gmbh.de\/it\/\"},{\"@type\":\"ListItem\",\"position\":2,\"name\":\"ram electronic | Computer, tecnologia, servizi e reti\"}]},{\"@type\":\"WebSite\",\"@id\":\"https:\/\/ram-electronic-gmbh.de\/#website\",\"url\":\"https:\/\/ram-electronic-gmbh.de\/\",\"name\":\"ram electronic \u2013 Computer, Technik, Service und Netzwerke\",\"description\":\"Computer, Technik, Service und Netzwerke\",\"publisher\":{\"@id\":\"https:\/\/ram-electronic-gmbh.de\/#organization\"},\"potentialAction\":[{\"@type\":\"SearchAction\",\"target\":{\"@type\":\"EntryPoint\",\"urlTemplate\":\"https:\/\/ram-electronic-gmbh.de\/?s={search_term_string}\"},\"query-input\":{\"@type\":\"PropertyValueSpecification\",\"valueRequired\":true,\"valueName\":\"search_term_string\"}}],\"inLanguage\":\"it-IT\"},{\"@type\":\"Organization\",\"@id\":\"https:\/\/ram-electronic-gmbh.de\/#organization\",\"name\":\"RAM electronic GmbH\",\"url\":\"https:\/\/ram-electronic-gmbh.de\/\",\"logo\":{\"@type\":\"ImageObject\",\"inLanguage\":\"it-IT\",\"@id\":\"https:\/\/ram-electronic-gmbh.de\/#\/schema\/logo\/image\/\",\"url\":\"https:\/\/ram-electronic-gmbh.de\/wp-content\/uploads\/2019\/12\/RAM_logo_pos.svg\",\"contentUrl\":\"https:\/\/ram-electronic-gmbh.de\/wp-content\/uploads\/2019\/12\/RAM_logo_pos.svg\",\"width\":1,\"height\":1,\"caption\":\"RAM electronic GmbH\"},\"image\":{\"@id\":\"https:\/\/ram-electronic-gmbh.de\/#\/schema\/logo\/image\/\"}}]}<\/script>\n<!-- \/ Yoast SEO plugin. -->","yoast_head_json":{"title":"IT | ram electronic \u2013 Computer, tecnologia, servizi e reti","description":"La ram electronic GmbH opera per l\u2019IT di aziende nella Germania settentrionale \u2013 da hosted services all\u2019infrastruttura \u00abon site\u00bb.","robots":{"index":"index","follow":"follow","max-snippet":"max-snippet:-1","max-image-preview":"max-image-preview:large","max-video-preview":"max-video-preview:-1"},"canonical":"https:\/\/ram-electronic-gmbh.de\/it\/","og_locale":"it_IT","og_type":"article","og_title":"IT | ram electronic \u2013 Computer, tecnologia, servizi e reti","og_description":"La ram electronic GmbH opera per l\u2019IT di aziende nella Germania settentrionale \u2013 da hosted services all\u2019infrastruttura \u00abon site\u00bb.","og_url":"https:\/\/ram-electronic-gmbh.de\/it\/","og_site_name":"ram electronic \u2013 Computer, Technik, Service und Netzwerke","article_modified_time":"2026-03-20T19:36:22+00:00","og_image":[{"width":2560,"height":1674,"url":"https:\/\/ram-electronic-gmbh.de\/wp-content\/uploads\/2020\/06\/ram-car-scaled.jpg","type":"image\/jpeg"}],"twitter_card":"summary_large_image","twitter_misc":{"Tempo di lettura stimato":"3 minuti"},"schema":{"@context":"https:\/\/schema.org","@graph":[{"@type":"WebPage","@id":"https:\/\/ram-electronic-gmbh.de\/it\/","url":"https:\/\/ram-electronic-gmbh.de\/it\/","name":"IT | ram electronic \u2013 Computer, tecnologia, servizi e reti","isPartOf":{"@id":"https:\/\/ram-electronic-gmbh.de\/#website"},"primaryImageOfPage":{"@id":"https:\/\/ram-electronic-gmbh.de\/it\/#primaryimage"},"image":{"@id":"https:\/\/ram-electronic-gmbh.de\/it\/#primaryimage"},"thumbnailUrl":"https:\/\/ram-electronic-gmbh.de\/wp-content\/uploads\/2020\/06\/ram-car-scaled.jpg","datePublished":"2020-11-18T08:47:54+00:00","dateModified":"2026-03-20T19:36:22+00:00","description":"La ram electronic GmbH opera per l\u2019IT di aziende nella Germania settentrionale \u2013 da hosted services all\u2019infrastruttura \u00abon site\u00bb.","breadcrumb":{"@id":"https:\/\/ram-electronic-gmbh.de\/it\/#breadcrumb"},"inLanguage":"it-IT","potentialAction":[{"@type":"ReadAction","target":["https:\/\/ram-electronic-gmbh.de\/it\/"]}]},{"@type":"ImageObject","inLanguage":"it-IT","@id":"https:\/\/ram-electronic-gmbh.de\/it\/#primaryimage","url":"https:\/\/ram-electronic-gmbh.de\/wp-content\/uploads\/2020\/06\/ram-car-scaled.jpg","contentUrl":"https:\/\/ram-electronic-gmbh.de\/wp-content\/uploads\/2020\/06\/ram-car-scaled.jpg","width":2560,"height":1674,"caption":"Die ram electronic GmbH"},{"@type":"BreadcrumbList","@id":"https:\/\/ram-electronic-gmbh.de\/it\/#breadcrumb","itemListElement":[{"@type":"ListItem","position":1,"name":"Home","item":"https:\/\/ram-electronic-gmbh.de\/it\/"},{"@type":"ListItem","position":2,"name":"ram electronic | Computer, tecnologia, servizi e reti"}]},{"@type":"WebSite","@id":"https:\/\/ram-electronic-gmbh.de\/#website","url":"https:\/\/ram-electronic-gmbh.de\/","name":"ram electronic \u2013 Computer, Technik, Service und Netzwerke","description":"Computer, Technik, Service und Netzwerke","publisher":{"@id":"https:\/\/ram-electronic-gmbh.de\/#organization"},"potentialAction":[{"@type":"SearchAction","target":{"@type":"EntryPoint","urlTemplate":"https:\/\/ram-electronic-gmbh.de\/?s={search_term_string}"},"query-input":{"@type":"PropertyValueSpecification","valueRequired":true,"valueName":"search_term_string"}}],"inLanguage":"it-IT"},{"@type":"Organization","@id":"https:\/\/ram-electronic-gmbh.de\/#organization","name":"RAM electronic GmbH","url":"https:\/\/ram-electronic-gmbh.de\/","logo":{"@type":"ImageObject","inLanguage":"it-IT","@id":"https:\/\/ram-electronic-gmbh.de\/#\/schema\/logo\/image\/","url":"https:\/\/ram-electronic-gmbh.de\/wp-content\/uploads\/2019\/12\/RAM_logo_pos.svg","contentUrl":"https:\/\/ram-electronic-gmbh.de\/wp-content\/uploads\/2019\/12\/RAM_logo_pos.svg","width":1,"height":1,"caption":"RAM electronic GmbH"},"image":{"@id":"https:\/\/ram-electronic-gmbh.de\/#\/schema\/logo\/image\/"}}]}},"_links":{"self":[{"href":"https:\/\/ram-electronic-gmbh.de\/it\/wp-json\/wp\/v2\/pages\/780","targetHints":{"allow":["GET"]}}],"collection":[{"href":"https:\/\/ram-electronic-gmbh.de\/it\/wp-json\/wp\/v2\/pages"}],"about":[{"href":"https:\/\/ram-electronic-gmbh.de\/it\/wp-json\/wp\/v2\/types\/page"}],"author":[{"embeddable":true,"href":"https:\/\/ram-electronic-gmbh.de\/it\/wp-json\/wp\/v2\/users\/1"}],"replies":[{"embeddable":true,"href":"https:\/\/ram-electronic-gmbh.de\/it\/wp-json\/wp\/v2\/comments?post=780"}],"version-history":[{"count":15,"href":"https:\/\/ram-electronic-gmbh.de\/it\/wp-json\/wp\/v2\/pages\/780\/revisions"}],"predecessor-version":[{"id":1452,"href":"https:\/\/ram-electronic-gmbh.de\/it\/wp-json\/wp\/v2\/pages\/780\/revisions\/1452"}],"wp:featuredmedia":[{"embeddable":true,"href":"https:\/\/ram-electronic-gmbh.de\/it\/wp-json\/wp\/v2\/media\/788"}],"wp:attachment":[{"href":"https:\/\/ram-electronic-gmbh.de\/it\/wp-json\/wp\/v2\/media?parent=780"}],"curies":[{"name":"wp","href":"https:\/\/api.w.org\/{rel}","templated":true}]}}